{"id":23,"date":"2019-08-05T16:47:24","date_gmt":"2019-08-05T19:47:24","guid":{"rendered":"http:\/\/institutolongtao.com.br\/blog\/?page_id=23"},"modified":"2019-08-05T16:57:52","modified_gmt":"2019-08-05T19:57:52","slug":"sobre","status":"publish","type":"page","link":"http:\/\/institutolongtao.com.br\/blog\/sobre\/","title":{"rendered":"Sobre"},"content":{"rendered":"<p class=\"estimated-read-time\">Tempo de leitura:<small> menos de 1 minuto<\/small><\/p> \n<p>O Long Tao \u00e9 um instituto de terapias integrativas e hoje \u00e9 composto por 3 pilares, cursos de forma\u00e7\u00e3o e aperfei\u00e7oamento, atendimento ao p\u00fablico e o atendimento In Company.<\/p>\n\n\n\n<p>Tudo isso come\u00e7ou em 1999 com a terapeuta CamilleElenne Eg\u00eddio que deu inicio \u00e0s suas atividades de terapias complementares, e em 2005 fundou o INSTITUTO LONG TAO, no qual ela at\u00e9 hoje atua como Diretora Geral, bem como ministra cursos, palestras e realiza atendimentos na sede localizada em Santo Andr\u00e9, ABCD Paulista.<\/p>\n\n\n\n<p>Hoje, o Instituto possui uma equipe de profissionais altamente qualificados que ministram Cursos Livres, Palestras e Workshops. Todos eles apoiados pelos principais Sindicatos e Associa\u00e7\u00f5es da \u00c1rea, dentre eles:<\/p>\n","protected":false},"excerpt":{"rendered":"<p><small> menos de 1 minuto<\/small> O Long Tao \u00e9 um instituto de terapias integrativas e hoje \u00e9 composto por 3 pilares, cursos de forma\u00e7\u00e3o e aperfei\u00e7oamento, atendimento ao p\u00fablico e o atendimento In Company. Tudo isso come\u00e7ou em 1999 com a terapeuta CamilleElenne Eg\u00eddio que deu inicio \u00e0s suas atividades de terapias complementares, e em 2005 fundou o INSTITUTO LONG TAO, no qual ela at\u00e9 hoje atua como Diretora Geral, bem como ministra cursos, palestras e realiza atendimentos na sede localizada em Santo Andr\u00e9, ABCD <a href=\"http:\/\/institutolongtao.com.br\/blog\/sobre\/\" class=\"more-link\"><span>Leia mais<\/span>\u2192<\/a><\/p>\n","protected":false},"author":1,"featured_media":0,"parent":0,"menu_order":0,"comment_status":"closed","ping_status":"closed","template":"","meta":{"footnotes":""},"class_list":["entry","author-weblover","post-23","page","type-page","status-publish"],"_links":{"self":[{"href":"http:\/\/institutolongtao.com.br\/blog\/wp-json\/wp\/v2\/pages\/23","targetHints":{"allow":["GET"]}}],"collection":[{"href":"http:\/\/institutolongtao.com.br\/blog\/wp-json\/wp\/v2\/pages"}],"about":[{"href":"http:\/\/institutolongtao.com.br\/blog\/wp-json\/wp\/v2\/types\/page"}],"author":[{"embeddable":true,"href":"http:\/\/institutolongtao.com.br\/blog\/wp-json\/wp\/v2\/users\/1"}],"replies":[{"embeddable":true,"href":"http:\/\/institutolongtao.com.br\/blog\/wp-json\/wp\/v2\/comments?post=23"}],"version-history":[{"count":2,"href":"http:\/\/institutolongtao.com.br\/blog\/wp-json\/wp\/v2\/pages\/23\/revisions"}],"predecessor-version":[{"id":31,"href":"http:\/\/institutolongtao.com.br\/blog\/wp-json\/wp\/v2\/pages\/23\/revisions\/31"}],"wp:attachment":[{"href":"http:\/\/institutolongtao.com.br\/blog\/wp-json\/wp\/v2\/media?parent=23"}],"curies":[{"name":"wp","href":"https:\/\/api.w.org\/{rel}","templated":true}]}}